{"id":107,"date":"2021-12-06T21:29:50","date_gmt":"2021-12-06T21:29:50","guid":{"rendered":"https:\/\/www.colegiolascandelas.com.ar\/?page_id=107"},"modified":"2021-12-22T01:17:28","modified_gmt":"2021-12-22T01:17:28","slug":"el-colegio","status":"publish","type":"page","link":"https:\/\/www.colegiolascandelas.com.ar\/index.php\/el-colegio\/","title":{"rendered":"El Colegio"},"content":{"rendered":"\n<figure class=\"wp-block-image size-large\"><img loading=\"lazy\" width=\"1024\" height=\"272\" src=\"https:\/\/www.colegiolascandelas.com.ar\/wp-content\/uploads\/2021\/12\/croquis-ts1543522853-1-1024x272.png\" alt=\"\" class=\"wp-image-219\" srcset=\"https:\/\/www.colegiolascandelas.com.ar\/wp-content\/uploads\/2021\/12\/croquis-ts1543522853-1-1024x272.png 1024w, https:\/\/www.colegiolascandelas.com.ar\/wp-content\/uploads\/2021\/12\/croquis-ts1543522853-1-300x80.png 300w, https:\/\/www.colegiolascandelas.com.ar\/wp-content\/uploads\/2021\/12\/croquis-ts1543522853-1-768x204.png 768w, https:\/\/www.colegiolascandelas.com.ar\/wp-content\/uploads\/2021\/12\/croquis-ts1543522853-1-1536x408.png 1536w, https:\/\/www.colegiolascandelas.com.ar\/wp-content\/uploads\/2021\/12\/croquis-ts1543522853-1-2048x544.png 2048w\" sizes=\"(max-width: 1024px) 100vw, 1024px\" \/><\/figure>\n\n\n\n<h2>Nuestra historia<\/h2>\n\n\n\n<p class=\"has-text-align-left\">La historia del Colegio Las Candelas se remonta al a\u00f1o 1992, cuando un grupo de mujeres decide poner en marcha un proyecto educativo que respondiese a las evidentes necesidades de nuestra comunidad.<\/p>\n\n\n\n<p class=\"has-text-align-left\">Desde entonces el Colegio Las Candelas ocupa un lugar preponderante en la ense\u00f1anza mendocina, con una propuesta s\u00f3lida, destacando el valor de la familia y el crecimiento personal e intelectual de cada uno de sus alumnos, crecimiento que se trasunta tanto en el \u00e1mbito curricular, donde se ponderan: la observaci\u00f3n, los aprendizajes significativos, el aprender a pensar y la autonom\u00eda, como en el \u00e1mbito de los valores \u00e9ticos, humanos y sociales.<\/p>\n\n\n\n<p class=\"has-text-align-left\">Las Candelas es una instituci\u00f3n innovadora que presta servicios educativos teniendo en cuenta el desarrollo de todos sus integrantes. Por eso, Las Candelas se convierte en una escuela viva y comprometida, donde los estudiantes y los docentes aprenden al mismo tiempo que viven las m\u00e1s diversas y enriquecedoras experiencias humanas.<\/p>\n\n\n\n<div style=\"height:9px\" aria-hidden=\"true\" class=\"wp-block-spacer\"><\/div>\n\n\n\n<div class=\"wp-block-buttons alignfull is-content-justification-center\">\n<div class=\"wp-block-button has-custom-width wp-block-button__width-25 has-custom-font-size has-normal-font-size\"><a class=\"wp-block-button__link has-white-color has-accent-background-color has-text-color has-background\" href=\"https:\/\/www.colegiolascandelas.com.ar\/index.php\/pilares\/\" style=\"border-radius:11px\">Pilares que nos sustentan <\/a><\/div>\n\n\n\n<div class=\"wp-block-button has-custom-width wp-block-button__width-25 has-custom-font-size has-normal-font-size\"><a class=\"wp-block-button__link has-white-color has-accent-background-color has-text-color has-background\" href=\"https:\/\/www.colegiolascandelas.com.ar\/index.php\/autoridades-2\/\" style=\"border-radius:11px\">Autoridades<\/a><\/div>\n\n\n\n<div class=\"wp-block-button has-custom-width wp-block-button__width-25 has-custom-font-size has-normal-font-size\"><a class=\"wp-block-button__link has-white-color has-accent-background-color has-text-color has-background\" href=\"https:\/\/www.colegiolascandelas.com.ar\/index.php\/curricula\/\" style=\"border-radius:11px\">Curr\u00edcula<\/a><\/div>\n<\/div>\n\n\n\n<hr class=\"wp-block-separator\"\/>\n","protected":false},"excerpt":{"rendered":"<p>Nuestra historia La historia del Colegio Las Candelas se remonta al a\u00f1o 1992, cuando un grupo de mujeres decide poner en marcha un proyecto educativo que respondiese a las evidentes necesidades de nuestra comunidad. Desde entonces el Colegio Las Candelas ocupa un lugar preponderante en la ense\u00f1anza mendocina, con una [&hellip;]<\/p>\n","protected":false},"author":1,"featured_media":0,"parent":0,"menu_order":0,"comment_status":"closed","ping_status":"closed","template":"","meta":{"om_disable_all_campaigns":false},"_links":{"self":[{"href":"https:\/\/www.colegiolascandelas.com.ar\/index.php\/wp-json\/wp\/v2\/pages\/107"}],"collection":[{"href":"https:\/\/www.colegiolascandelas.com.ar\/index.php\/wp-json\/wp\/v2\/pages"}],"about":[{"href":"https:\/\/www.colegiolascandelas.com.ar\/index.php\/wp-json\/wp\/v2\/types\/page"}],"author":[{"embeddable":true,"href":"https:\/\/www.colegiolascandelas.com.ar\/index.php\/wp-json\/wp\/v2\/users\/1"}],"replies":[{"embeddable":true,"href":"https:\/\/www.colegiolascandelas.com.ar\/index.php\/wp-json\/wp\/v2\/comments?post=107"}],"version-history":[{"count":9,"href":"https:\/\/www.colegiolascandelas.com.ar\/index.php\/wp-json\/wp\/v2\/pages\/107\/revisions"}],"predecessor-version":[{"id":255,"href":"https:\/\/www.colegiolascandelas.com.ar\/index.php\/wp-json\/wp\/v2\/pages\/107\/revisions\/255"}],"wp:attachment":[{"href":"https:\/\/www.colegiolascandelas.com.ar\/index.php\/wp-json\/wp\/v2\/media?parent=107"}],"curies":[{"name":"wp","href":"https:\/\/api.w.org\/{rel}","templated":true}]}}