{"id":132,"date":"2021-12-06T22:10:38","date_gmt":"2021-12-06T22:10:38","guid":{"rendered":"https:\/\/www.colegiolascandelas.com.ar\/?page_id=132"},"modified":"2021-12-06T22:24:25","modified_gmt":"2021-12-06T22:24:25","slug":"idiomas","status":"publish","type":"page","link":"https:\/\/www.colegiolascandelas.com.ar\/index.php\/idiomas\/","title":{"rendered":"Idiomas"},"content":{"rendered":"\n<p><strong>El colegio permite elegir entre dos modalidades de acuerdo<\/strong> <strong>al estilo de cada familia<\/strong>.<\/p>\n\n\n\n<ul><li><strong>Ingl\u00e9s Intensivo:<\/strong><\/li><\/ul>\n\n\n\n<p>Con clases desde las 13:00 hasta las 14:00. (55 minutos de ingl\u00e9s diarios)<\/p>\n\n\n\n<ul><li><strong>Doble Escolaridad Ingl\u00e9s Biling\u00fce:<\/strong><\/li><\/ul>\n\n\n\n<p>Con clases desde las 14:15 hasta las 17:00 hs. (exceptuando a los alumnos de 3ro, 4to, y 5to a\u00f1o secundaria, quienes se retiran a las 15:30hs.)<\/p>\n\n\n\n<p><\/p>\n\n\n\n<p>Las Candelas prepara a sus alumnos en la modalidad biling\u00fce para rendir ex\u00e1menes internacionales que certifiquen sus habilidades en ingl\u00e9s:<\/p>\n\n\n\n<p><strong>CP (Cambridge Primary). Cambridge Primary Checkpoint: English and Science<\/strong><\/p>\n\n\n\n<p><strong>IGCSE (International<\/strong> <strong>General Certificate of Secondary Education)<\/strong><\/p>\n","protected":false},"excerpt":{"rendered":"<p>El colegio permite elegir entre dos modalidades de acuerdo al estilo de cada familia. Ingl\u00e9s Intensivo: Con clases desde las 13:00 hasta las 14:00. (55 minutos de ingl\u00e9s diarios) Doble Escolaridad Ingl\u00e9s Biling\u00fce: Con clases desde las 14:15 hasta las 17:00 hs. (exceptuando a los alumnos de 3ro, 4to, y [&hellip;]<\/p>\n","protected":false},"author":1,"featured_media":0,"parent":0,"menu_order":0,"comment_status":"closed","ping_status":"closed","template":"","meta":{"om_disable_all_campaigns":false},"_links":{"self":[{"href":"https:\/\/www.colegiolascandelas.com.ar\/index.php\/wp-json\/wp\/v2\/pages\/132"}],"collection":[{"href":"https:\/\/www.colegiolascandelas.com.ar\/index.php\/wp-json\/wp\/v2\/pages"}],"about":[{"href":"https:\/\/www.colegiolascandelas.com.ar\/index.php\/wp-json\/wp\/v2\/types\/page"}],"author":[{"embeddable":true,"href":"https:\/\/www.colegiolascandelas.com.ar\/index.php\/wp-json\/wp\/v2\/users\/1"}],"replies":[{"embeddable":true,"href":"https:\/\/www.colegiolascandelas.com.ar\/index.php\/wp-json\/wp\/v2\/comments?post=132"}],"version-history":[{"count":7,"href":"https:\/\/www.colegiolascandelas.com.ar\/index.php\/wp-json\/wp\/v2\/pages\/132\/revisions"}],"predecessor-version":[{"id":163,"href":"https:\/\/www.colegiolascandelas.com.ar\/index.php\/wp-json\/wp\/v2\/pages\/132\/revisions\/163"}],"wp:attachment":[{"href":"https:\/\/www.colegiolascandelas.com.ar\/index.php\/wp-json\/wp\/v2\/media?parent=132"}],"curies":[{"name":"wp","href":"https:\/\/api.w.org\/{rel}","templated":true}]}}