{"id":135,"date":"2021-12-06T22:18:27","date_gmt":"2021-12-06T22:18:27","guid":{"rendered":"https:\/\/www.colegiolascandelas.com.ar\/?page_id=135"},"modified":"2021-12-06T23:14:29","modified_gmt":"2021-12-06T23:14:29","slug":"deportes","status":"publish","type":"page","link":"https:\/\/www.colegiolascandelas.com.ar\/index.php\/deportes\/","title":{"rendered":"Deportes"},"content":{"rendered":"\n<p>El \u00e1rea de deportes y recreaci\u00f3n es considerada muy importante para el desarrollo integral del alumno del Colegio Las Candelas; es por ello que \u00e9ste posee un amplio espacio verde adecuado para la realizaci\u00f3n de deportes y la vida al aire libre. Esta \u00e1rea es complementada con campamentos, intercambios deportivos, pentatlones, y vida en la naturaleza en general.<\/p>\n\n\n\n<figure class=\"wp-block-gallery columns-3 is-cropped\"><ul class=\"blocks-gallery-grid\"><li class=\"blocks-gallery-item\"><figure><img loading=\"lazy\" width=\"1024\" height=\"700\" src=\"http:\/\/www.colegiolascandelas.com.ar\/wp-content\/uploads\/2021\/12\/deportes-1-ts1543580828-1024x700.jpg\" alt=\"Deportes\" data-id=\"191\" data-full-url=\"http:\/\/www.colegiolascandelas.com.ar\/wp-content\/uploads\/2021\/12\/deportes-1-ts1543580828.jpg\" data-link=\"https:\/\/www.colegiolascandelas.com.ar\/index.php\/deportes\/deportes-1-ts1543580828\/\" class=\"wp-image-191\" srcset=\"https:\/\/www.colegiolascandelas.com.ar\/wp-content\/uploads\/2021\/12\/deportes-1-ts1543580828-1024x700.jpg 1024w, https:\/\/www.colegiolascandelas.com.ar\/wp-content\/uploads\/2021\/12\/deportes-1-ts1543580828-300x205.jpg 300w, https:\/\/www.colegiolascandelas.com.ar\/wp-content\/uploads\/2021\/12\/deportes-1-ts1543580828-768x525.jpg 768w, https:\/\/www.colegiolascandelas.com.ar\/wp-content\/uploads\/2021\/12\/deportes-1-ts1543580828-1536x1050.jpg 1536w, https:\/\/www.colegiolascandelas.com.ar\/wp-content\/uploads\/2021\/12\/deportes-1-ts1543580828.jpg 1823w\" sizes=\"(max-width: 1024px) 100vw, 1024px\" \/><\/figure><\/li><li class=\"blocks-gallery-item\"><figure><img loading=\"lazy\" width=\"1024\" height=\"682\" src=\"http:\/\/www.colegiolascandelas.com.ar\/wp-content\/uploads\/2021\/12\/deportes-2-ts1543580835-1024x682.jpg\" alt=\"\" data-id=\"192\" data-full-url=\"http:\/\/www.colegiolascandelas.com.ar\/wp-content\/uploads\/2021\/12\/deportes-2-ts1543580835.jpg\" data-link=\"https:\/\/www.colegiolascandelas.com.ar\/index.php\/deportes\/deportes-2-ts1543580835\/\" class=\"wp-image-192\" srcset=\"https:\/\/www.colegiolascandelas.com.ar\/wp-content\/uploads\/2021\/12\/deportes-2-ts1543580835-1024x682.jpg 1024w, https:\/\/www.colegiolascandelas.com.ar\/wp-content\/uploads\/2021\/12\/deportes-2-ts1543580835-300x200.jpg 300w, https:\/\/www.colegiolascandelas.com.ar\/wp-content\/uploads\/2021\/12\/deportes-2-ts1543580835-768x512.jpg 768w, https:\/\/www.colegiolascandelas.com.ar\/wp-content\/uploads\/2021\/12\/deportes-2-ts1543580835-1536x1024.jpg 1536w, https:\/\/www.colegiolascandelas.com.ar\/wp-content\/uploads\/2021\/12\/deportes-2-ts1543580835-360x240.jpg 360w, https:\/\/www.colegiolascandelas.com.ar\/wp-content\/uploads\/2021\/12\/deportes-2-ts1543580835.jpg 1643w\" sizes=\"(max-width: 1024px) 100vw, 1024px\" \/><\/figure><\/li><li class=\"blocks-gallery-item\"><figure><img loading=\"lazy\" width=\"1024\" height=\"576\" src=\"http:\/\/www.colegiolascandelas.com.ar\/wp-content\/uploads\/2021\/12\/deportes-3-ts1543580990-1024x576.jpg\" alt=\"\" data-id=\"193\" data-full-url=\"http:\/\/www.colegiolascandelas.com.ar\/wp-content\/uploads\/2021\/12\/deportes-3-ts1543580990-scaled.jpg\" data-link=\"https:\/\/www.colegiolascandelas.com.ar\/index.php\/deportes\/deportes-3-ts1543580990\/\" class=\"wp-image-193\" srcset=\"https:\/\/www.colegiolascandelas.com.ar\/wp-content\/uploads\/2021\/12\/deportes-3-ts1543580990-1024x576.jpg 1024w, https:\/\/www.colegiolascandelas.com.ar\/wp-content\/uploads\/2021\/12\/deportes-3-ts1543580990-300x169.jpg 300w, https:\/\/www.colegiolascandelas.com.ar\/wp-content\/uploads\/2021\/12\/deportes-3-ts1543580990-768x432.jpg 768w, https:\/\/www.colegiolascandelas.com.ar\/wp-content\/uploads\/2021\/12\/deportes-3-ts1543580990-1536x864.jpg 1536w, https:\/\/www.colegiolascandelas.com.ar\/wp-content\/uploads\/2021\/12\/deportes-3-ts1543580990-2048x1153.jpg 2048w\" sizes=\"(max-width: 1024px) 100vw, 1024px\" \/><\/figure><\/li><li class=\"blocks-gallery-item\"><figure><img loading=\"lazy\" width=\"1024\" height=\"576\" src=\"http:\/\/www.colegiolascandelas.com.ar\/wp-content\/uploads\/2021\/12\/deportes-4-ts1543581058-1024x576.jpg\" alt=\"\" data-id=\"194\" data-full-url=\"http:\/\/www.colegiolascandelas.com.ar\/wp-content\/uploads\/2021\/12\/deportes-4-ts1543581058-scaled.jpg\" data-link=\"https:\/\/www.colegiolascandelas.com.ar\/index.php\/deportes\/deportes-4-ts1543581058\/\" class=\"wp-image-194\" srcset=\"https:\/\/www.colegiolascandelas.com.ar\/wp-content\/uploads\/2021\/12\/deportes-4-ts1543581058-1024x576.jpg 1024w, https:\/\/www.colegiolascandelas.com.ar\/wp-content\/uploads\/2021\/12\/deportes-4-ts1543581058-300x169.jpg 300w, https:\/\/www.colegiolascandelas.com.ar\/wp-content\/uploads\/2021\/12\/deportes-4-ts1543581058-768x432.jpg 768w, https:\/\/www.colegiolascandelas.com.ar\/wp-content\/uploads\/2021\/12\/deportes-4-ts1543581058-1536x864.jpg 1536w, https:\/\/www.colegiolascandelas.com.ar\/wp-content\/uploads\/2021\/12\/deportes-4-ts1543581058-2048x1152.jpg 2048w\" sizes=\"(max-width: 1024px) 100vw, 1024px\" \/><\/figure><\/li><li class=\"blocks-gallery-item\"><figure><img loading=\"lazy\" width=\"1024\" height=\"683\" src=\"http:\/\/www.colegiolascandelas.com.ar\/wp-content\/uploads\/2021\/12\/deportes-6-ts1543580805-1024x683.jpg\" alt=\"\" data-id=\"195\" data-full-url=\"http:\/\/www.colegiolascandelas.com.ar\/wp-content\/uploads\/2021\/12\/deportes-6-ts1543580805.jpg\" data-link=\"https:\/\/www.colegiolascandelas.com.ar\/index.php\/deportes\/deportes-6-ts1543580805\/\" class=\"wp-image-195\" srcset=\"https:\/\/www.colegiolascandelas.com.ar\/wp-content\/uploads\/2021\/12\/deportes-6-ts1543580805-1024x683.jpg 1024w, https:\/\/www.colegiolascandelas.com.ar\/wp-content\/uploads\/2021\/12\/deportes-6-ts1543580805-300x200.jpg 300w, https:\/\/www.colegiolascandelas.com.ar\/wp-content\/uploads\/2021\/12\/deportes-6-ts1543580805-768x512.jpg 768w, https:\/\/www.colegiolascandelas.com.ar\/wp-content\/uploads\/2021\/12\/deportes-6-ts1543580805-1536x1025.jpg 1536w, https:\/\/www.colegiolascandelas.com.ar\/wp-content\/uploads\/2021\/12\/deportes-6-ts1543580805-360x240.jpg 360w, https:\/\/www.colegiolascandelas.com.ar\/wp-content\/uploads\/2021\/12\/deportes-6-ts1543580805.jpg 1742w\" sizes=\"(max-width: 1024px) 100vw, 1024px\" \/><\/figure><\/li><li class=\"blocks-gallery-item\"><figure><img loading=\"lazy\" width=\"1024\" height=\"683\" src=\"http:\/\/www.colegiolascandelas.com.ar\/wp-content\/uploads\/2021\/12\/deportes-7-ts1543580813-1024x683.jpg\" alt=\"\" data-id=\"196\" data-full-url=\"http:\/\/www.colegiolascandelas.com.ar\/wp-content\/uploads\/2021\/12\/deportes-7-ts1543580813.jpg\" data-link=\"https:\/\/www.colegiolascandelas.com.ar\/index.php\/deportes\/deportes-7-ts1543580813\/\" class=\"wp-image-196\" srcset=\"https:\/\/www.colegiolascandelas.com.ar\/wp-content\/uploads\/2021\/12\/deportes-7-ts1543580813-1024x683.jpg 1024w, https:\/\/www.colegiolascandelas.com.ar\/wp-content\/uploads\/2021\/12\/deportes-7-ts1543580813-300x200.jpg 300w, https:\/\/www.colegiolascandelas.com.ar\/wp-content\/uploads\/2021\/12\/deportes-7-ts1543580813-768x512.jpg 768w, https:\/\/www.colegiolascandelas.com.ar\/wp-content\/uploads\/2021\/12\/deportes-7-ts1543580813-1536x1024.jpg 1536w, https:\/\/www.colegiolascandelas.com.ar\/wp-content\/uploads\/2021\/12\/deportes-7-ts1543580813-360x240.jpg 360w, https:\/\/www.colegiolascandelas.com.ar\/wp-content\/uploads\/2021\/12\/deportes-7-ts1543580813.jpg 2048w\" sizes=\"(max-width: 1024px) 100vw, 1024px\" \/><\/figure><\/li><li class=\"blocks-gallery-item\"><figure><img loading=\"lazy\" width=\"1024\" height=\"706\" src=\"http:\/\/www.colegiolascandelas.com.ar\/wp-content\/uploads\/2021\/12\/deportes-8-ts1543580822-1024x706.jpg\" alt=\"\" data-id=\"197\" data-full-url=\"http:\/\/www.colegiolascandelas.com.ar\/wp-content\/uploads\/2021\/12\/deportes-8-ts1543580822.jpg\" data-link=\"https:\/\/www.colegiolascandelas.com.ar\/index.php\/deportes\/deportes-8-ts1543580822\/\" class=\"wp-image-197\" srcset=\"https:\/\/www.colegiolascandelas.com.ar\/wp-content\/uploads\/2021\/12\/deportes-8-ts1543580822-1024x706.jpg 1024w, https:\/\/www.colegiolascandelas.com.ar\/wp-content\/uploads\/2021\/12\/deportes-8-ts1543580822-300x207.jpg 300w, https:\/\/www.colegiolascandelas.com.ar\/wp-content\/uploads\/2021\/12\/deportes-8-ts1543580822-768x530.jpg 768w, https:\/\/www.colegiolascandelas.com.ar\/wp-content\/uploads\/2021\/12\/deportes-8-ts1543580822-1536x1059.jpg 1536w, https:\/\/www.colegiolascandelas.com.ar\/wp-content\/uploads\/2021\/12\/deportes-8-ts1543580822.jpg 2048w\" sizes=\"(max-width: 1024px) 100vw, 1024px\" \/><\/figure><\/li><li class=\"blocks-gallery-item\"><figure><img loading=\"lazy\" width=\"1024\" height=\"576\" src=\"http:\/\/www.colegiolascandelas.com.ar\/wp-content\/uploads\/2021\/12\/deporte-ts1543581030-1024x576.jpg\" alt=\"\" data-id=\"198\" data-full-url=\"http:\/\/www.colegiolascandelas.com.ar\/wp-content\/uploads\/2021\/12\/deporte-ts1543581030-scaled.jpg\" data-link=\"https:\/\/www.colegiolascandelas.com.ar\/index.php\/deportes\/deporte-ts1543581030\/\" class=\"wp-image-198\" srcset=\"https:\/\/www.colegiolascandelas.com.ar\/wp-content\/uploads\/2021\/12\/deporte-ts1543581030-1024x576.jpg 1024w, https:\/\/www.colegiolascandelas.com.ar\/wp-content\/uploads\/2021\/12\/deporte-ts1543581030-300x169.jpg 300w, https:\/\/www.colegiolascandelas.com.ar\/wp-content\/uploads\/2021\/12\/deporte-ts1543581030-768x432.jpg 768w, https:\/\/www.colegiolascandelas.com.ar\/wp-content\/uploads\/2021\/12\/deporte-ts1543581030-1536x864.jpg 1536w, https:\/\/www.colegiolascandelas.com.ar\/wp-content\/uploads\/2021\/12\/deporte-ts1543581030-2048x1152.jpg 2048w\" sizes=\"(max-width: 1024px) 100vw, 1024px\" \/><\/figure><\/li><li class=\"blocks-gallery-item\"><figure><img loading=\"lazy\" width=\"1024\" height=\"683\" src=\"http:\/\/www.colegiolascandelas.com.ar\/wp-content\/uploads\/2021\/12\/galeria-9-ts1543607532-1024x683.jpg\" alt=\"\" data-id=\"199\" data-full-url=\"http:\/\/www.colegiolascandelas.com.ar\/wp-content\/uploads\/2021\/12\/galeria-9-ts1543607532-scaled.jpg\" data-link=\"https:\/\/www.colegiolascandelas.com.ar\/index.php\/deportes\/galeria-9-ts1543607532\/\" class=\"wp-image-199\" srcset=\"https:\/\/www.colegiolascandelas.com.ar\/wp-content\/uploads\/2021\/12\/galeria-9-ts1543607532-1024x683.jpg 1024w, https:\/\/www.colegiolascandelas.com.ar\/wp-content\/uploads\/2021\/12\/galeria-9-ts1543607532-300x200.jpg 300w, https:\/\/www.colegiolascandelas.com.ar\/wp-content\/uploads\/2021\/12\/galeria-9-ts1543607532-768x512.jpg 768w, https:\/\/www.colegiolascandelas.com.ar\/wp-content\/uploads\/2021\/12\/galeria-9-ts1543607532-1536x1024.jpg 1536w, https:\/\/www.colegiolascandelas.com.ar\/wp-content\/uploads\/2021\/12\/galeria-9-ts1543607532-2048x1365.jpg 2048w, https:\/\/www.colegiolascandelas.com.ar\/wp-content\/uploads\/2021\/12\/galeria-9-ts1543607532-360x240.jpg 360w\" sizes=\"(max-width: 1024px) 100vw, 1024px\" \/><\/figure><\/li><\/ul><\/figure>\n","protected":false},"excerpt":{"rendered":"<p>El \u00e1rea de deportes y recreaci\u00f3n es considerada muy importante para el desarrollo integral del alumno del Colegio Las Candelas; es por ello que \u00e9ste posee un amplio espacio verde adecuado para la realizaci\u00f3n de deportes y la vida al aire libre. Esta \u00e1rea es complementada con campamentos, intercambios deportivos, [&hellip;]<\/p>\n","protected":false},"author":1,"featured_media":0,"parent":0,"menu_order":0,"comment_status":"closed","ping_status":"closed","template":"","meta":{"om_disable_all_campaigns":false},"_links":{"self":[{"href":"https:\/\/www.colegiolascandelas.com.ar\/index.php\/wp-json\/wp\/v2\/pages\/135"}],"collection":[{"href":"https:\/\/www.colegiolascandelas.com.ar\/index.php\/wp-json\/wp\/v2\/pages"}],"about":[{"href":"https:\/\/www.colegiolascandelas.com.ar\/index.php\/wp-json\/wp\/v2\/types\/page"}],"author":[{"embeddable":true,"href":"https:\/\/www.colegiolascandelas.com.ar\/index.php\/wp-json\/wp\/v2\/users\/1"}],"replies":[{"embeddable":true,"href":"https:\/\/www.colegiolascandelas.com.ar\/index.php\/wp-json\/wp\/v2\/comments?post=135"}],"version-history":[{"count":2,"href":"https:\/\/www.colegiolascandelas.com.ar\/index.php\/wp-json\/wp\/v2\/pages\/135\/revisions"}],"predecessor-version":[{"id":200,"href":"https:\/\/www.colegiolascandelas.com.ar\/index.php\/wp-json\/wp\/v2\/pages\/135\/revisions\/200"}],"wp:attachment":[{"href":"https:\/\/www.colegiolascandelas.com.ar\/index.php\/wp-json\/wp\/v2\/media?parent=135"}],"curies":[{"name":"wp","href":"https:\/\/api.w.org\/{rel}","templated":true}]}}