{"id":227,"date":"2021-12-06T23:54:44","date_gmt":"2021-12-06T23:54:44","guid":{"rendered":"https:\/\/www.colegiolascandelas.com.ar\/?page_id=227"},"modified":"2021-12-06T23:56:57","modified_gmt":"2021-12-06T23:56:57","slug":"niveles","status":"publish","type":"page","link":"https:\/\/www.colegiolascandelas.com.ar\/index.php\/niveles\/","title":{"rendered":"Niveles"},"content":{"rendered":"\n<p>El Colegio Las Candelas ofrece a los alumnos realizar su formaci\u00f3n completa, contando con todos los niveles, en Modalidad Biling\u00fce con doble escolaridad y preparaci\u00f3n en ex\u00e1menes internacionales<\/p>\n\n\n\n<p>En la actualidad cuenta con 20promociones de alumnos egresados diplomados en Econom\u00eda y Gesti\u00f3n de las Organizaciones, Biling\u00fces o Especializados en Ingl\u00e9s, t\u00edtulo, que sumado a la preparaci\u00f3n y formaci\u00f3n obtenidas, les ha permitido insertarse sin dificultades en el \u00e1mbito acad\u00e9mico y laboral, distingui\u00e9ndose por sus valores y \u00e9tica profesional<\/p>\n\n\n\n<div class=\"wp-block-columns\">\n<div class=\"wp-block-column\">\n<h2 class=\"has-text-align-center\"><strong>Nivel Inicial<\/strong><\/h2>\n\n\n\n<p class=\"has-text-align-center\"><strong>(Sala de 3, 4 y 5 a\u00f1os)<\/strong><\/p>\n\n\n\n<figure class=\"wp-block-image size-large is-resized\"><img loading=\"lazy\" src=\"https:\/\/www.colegiolascandelas.com.ar\/wp-content\/uploads\/2021\/12\/jadin-ts1543537131-1024x694.jpg\" alt=\"\" class=\"wp-image-228\" width=\"270\" height=\"182\" srcset=\"https:\/\/www.colegiolascandelas.com.ar\/wp-content\/uploads\/2021\/12\/jadin-ts1543537131-1024x694.jpg 1024w, https:\/\/www.colegiolascandelas.com.ar\/wp-content\/uploads\/2021\/12\/jadin-ts1543537131-300x203.jpg 300w, https:\/\/www.colegiolascandelas.com.ar\/wp-content\/uploads\/2021\/12\/jadin-ts1543537131-768x521.jpg 768w, https:\/\/www.colegiolascandelas.com.ar\/wp-content\/uploads\/2021\/12\/jadin-ts1543537131-1536x1042.jpg 1536w, https:\/\/www.colegiolascandelas.com.ar\/wp-content\/uploads\/2021\/12\/jadin-ts1543537131.jpg 1793w\" sizes=\"(max-width: 270px) 100vw, 270px\" \/><\/figure>\n\n\n\n<p><\/p>\n<\/div>\n\n\n\n<div class=\"wp-block-column\">\n<h2 class=\"has-text-align-center\"><strong>Primario<\/strong><\/h2>\n\n\n\n<p class=\"has-text-align-center\"><strong>(1ro. a 7mo. Grado)<\/strong><\/p>\n\n\n\n<figure class=\"wp-block-image size-large is-resized\"><img loading=\"lazy\" src=\"https:\/\/www.colegiolascandelas.com.ar\/wp-content\/uploads\/2021\/12\/4b89b31975d25bb37dc676905abaf756-1024x687.jpg\" alt=\"\" class=\"wp-image-233\" width=\"273\" height=\"183\" srcset=\"https:\/\/www.colegiolascandelas.com.ar\/wp-content\/uploads\/2021\/12\/4b89b31975d25bb37dc676905abaf756-1024x687.jpg 1024w, https:\/\/www.colegiolascandelas.com.ar\/wp-content\/uploads\/2021\/12\/4b89b31975d25bb37dc676905abaf756-300x201.jpg 300w, https:\/\/www.colegiolascandelas.com.ar\/wp-content\/uploads\/2021\/12\/4b89b31975d25bb37dc676905abaf756-768x515.jpg 768w, https:\/\/www.colegiolascandelas.com.ar\/wp-content\/uploads\/2021\/12\/4b89b31975d25bb37dc676905abaf756-1536x1030.jpg 1536w, https:\/\/www.colegiolascandelas.com.ar\/wp-content\/uploads\/2021\/12\/4b89b31975d25bb37dc676905abaf756-2048x1374.jpg 2048w, https:\/\/www.colegiolascandelas.com.ar\/wp-content\/uploads\/2021\/12\/4b89b31975d25bb37dc676905abaf756-360x240.jpg 360w\" sizes=\"(max-width: 273px) 100vw, 273px\" \/><\/figure>\n<\/div>\n\n\n\n<div class=\"wp-block-column\">\n<h2 class=\"has-text-align-center\"><strong>Secundario <\/strong><\/h2>\n\n\n\n<p class=\"has-text-align-center\"><strong>(1ro. a 5to a\u00f1o)<\/strong><\/p>\n\n\n\n<figure class=\"wp-block-image size-full is-resized\"><img loading=\"lazy\" src=\"https:\/\/www.colegiolascandelas.com.ar\/wp-content\/uploads\/2021\/12\/secundario-ts1543537338.jpg\" alt=\"\" class=\"wp-image-230\" width=\"258\" height=\"184\" srcset=\"https:\/\/www.colegiolascandelas.com.ar\/wp-content\/uploads\/2021\/12\/secundario-ts1543537338.jpg 1024w, https:\/\/www.colegiolascandelas.com.ar\/wp-content\/uploads\/2021\/12\/secundario-ts1543537338-300x214.jpg 300w, https:\/\/www.colegiolascandelas.com.ar\/wp-content\/uploads\/2021\/12\/secundario-ts1543537338-768x549.jpg 768w\" sizes=\"(max-width: 258px) 100vw, 258px\" \/><\/figure>\n<\/div>\n<\/div>\n\n\n\n<p><\/p>\n\n\n\n<p><\/p>\n","protected":false},"excerpt":{"rendered":"<p>El Colegio Las Candelas ofrece a los alumnos realizar su formaci\u00f3n completa, contando con todos los niveles, en Modalidad Biling\u00fce con doble escolaridad y preparaci\u00f3n en ex\u00e1menes internacionales En la actualidad cuenta con 20promociones de alumnos egresados diplomados en Econom\u00eda y Gesti\u00f3n de las Organizaciones, Biling\u00fces o Especializados en Ingl\u00e9s, [&hellip;]<\/p>\n","protected":false},"author":1,"featured_media":0,"parent":0,"menu_order":0,"comment_status":"closed","ping_status":"closed","template":"","meta":{"om_disable_all_campaigns":false},"_links":{"self":[{"href":"https:\/\/www.colegiolascandelas.com.ar\/index.php\/wp-json\/wp\/v2\/pages\/227"}],"collection":[{"href":"https:\/\/www.colegiolascandelas.com.ar\/index.php\/wp-json\/wp\/v2\/pages"}],"about":[{"href":"https:\/\/www.colegiolascandelas.com.ar\/index.php\/wp-json\/wp\/v2\/types\/page"}],"author":[{"embeddable":true,"href":"https:\/\/www.colegiolascandelas.com.ar\/index.php\/wp-json\/wp\/v2\/users\/1"}],"replies":[{"embeddable":true,"href":"https:\/\/www.colegiolascandelas.com.ar\/index.php\/wp-json\/wp\/v2\/comments?post=227"}],"version-history":[{"count":2,"href":"https:\/\/www.colegiolascandelas.com.ar\/index.php\/wp-json\/wp\/v2\/pages\/227\/revisions"}],"predecessor-version":[{"id":237,"href":"https:\/\/www.colegiolascandelas.com.ar\/index.php\/wp-json\/wp\/v2\/pages\/227\/revisions\/237"}],"wp:attachment":[{"href":"https:\/\/www.colegiolascandelas.com.ar\/index.php\/wp-json\/wp\/v2\/media?parent=227"}],"curies":[{"name":"wp","href":"https:\/\/api.w.org\/{rel}","templated":true}]}}